{"id":5962,"date":"2019-05-03T17:18:35","date_gmt":"2019-05-03T15:18:35","guid":{"rendered":"https:\/\/www.antwerpexpo.be\/plan\/"},"modified":"2023-01-19T14:27:19","modified_gmt":"2023-01-19T12:27:19","slug":"plan","status":"publish","type":"page","link":"https:\/\/www.antwerpexpo.be\/fr\/plan\/","title":{"rendered":"Plan"},"content":{"rendered":"\t\t<div data-elementor-type=\"wp-post\" data-elementor-id=\"5962\" class=\"elementor elementor-5962 elementor-4925\" data-elementor-post-type=\"page\">\n\t\t\t\t\t\t<section class=\"elementor-section elementor-top-section elementor-element elementor-element-2b08875 elementor-section-content-middle elementor-section-boxed elementor-section-height-default elementor-section-height-default\" data-id=\"2b08875\" data-element_type=\"section\">\n\t\t\t\t\t\t<div class=\"elementor-container elementor-column-gap-default\">\n\t\t\t\t\t<div class=\"elementor-column elementor-col-100 elementor-top-column elementor-element elementor-element-1d39576\" data-id=\"1d39576\" data-element_type=\"column\">\n\t\t\t<div class=\"elementor-widget-wrap elementor-element-populated\">\n\t\t\t\t\t\t<div class=\"elementor-element elementor-element-bf06c0a elementor-nav-menu__align-center elementor-nav-menu--dropdown-mobile elementor-nav-menu__text-align-center elementor-widget elementor-widget-nav-menu\" data-id=\"bf06c0a\" data-element_type=\"widget\" data-settings=\"{&quot;layout&quot;:&quot;horizontal&quot;,&quot;submenu_icon&quot;:{&quot;value&quot;:&quot;&lt;i class=\\&quot;fas fa-caret-down\\&quot; aria-hidden=\\&quot;true\\&quot;&gt;&lt;\\\/i&gt;&quot;,&quot;library&quot;:&quot;fa-solid&quot;}}\" data-widget_type=\"nav-menu.default\">\n\t\t\t\t<div class=\"elementor-widget-container\">\n\t\t\t\t\t\t\t\t<nav aria-label=\"Menu\" class=\"elementor-nav-menu--main elementor-nav-menu__container elementor-nav-menu--layout-horizontal e--pointer-underline e--animation-slide\">\n\t\t\t\t<ul id=\"menu-1-bf06c0a\" class=\"elementor-nav-menu\"><li class=\"menu-item menu-item-type-post_type menu-item-object-page menu-item-6041\"><a href=\"https:\/\/www.antwerpexpo.be\/fr\/organiser\/\" class=\"elementor-item\">Organiser<\/a><\/li>\n<li class=\"menu-item menu-item-type-post_type menu-item-object-page menu-item-6036\"><a href=\"https:\/\/www.antwerpexpo.be\/fr\/plan\/\" class=\"elementor-item\">Plan<\/a><\/li>\n<li class=\"menu-item menu-item-type-post_type menu-item-object-page menu-item-5875\"><a href=\"https:\/\/www.antwerpexpo.be\/fr\/catering-organisers\/\" class=\"elementor-item\">Catering organisers<\/a><\/li>\n<\/ul>\t\t\t<\/nav>\n\t\t\t\t\t\t<nav class=\"elementor-nav-menu--dropdown elementor-nav-menu__container\" aria-hidden=\"true\">\n\t\t\t\t<ul id=\"menu-2-bf06c0a\" class=\"elementor-nav-menu\"><li class=\"menu-item menu-item-type-post_type menu-item-object-page menu-item-6041\"><a href=\"https:\/\/www.antwerpexpo.be\/fr\/organiser\/\" class=\"elementor-item\" tabindex=\"-1\">Organiser<\/a><\/li>\n<li class=\"menu-item menu-item-type-post_type menu-item-object-page menu-item-6036\"><a href=\"https:\/\/www.antwerpexpo.be\/fr\/plan\/\" class=\"elementor-item\" tabindex=\"-1\">Plan<\/a><\/li>\n<li class=\"menu-item menu-item-type-post_type menu-item-object-page menu-item-5875\"><a href=\"https:\/\/www.antwerpexpo.be\/fr\/catering-organisers\/\" class=\"elementor-item\" tabindex=\"-1\">Catering organisers<\/a><\/li>\n<\/ul>\t\t\t<\/nav>\n\t\t\t\t\t\t<\/div>\n\t\t\t\t<\/div>\n\t\t\t\t\t<\/div>\n\t\t<\/div>\n\t\t\t\t\t<\/div>\n\t\t<\/section>\n\t\t\t\t<section class=\"elementor-section elementor-top-section elementor-element elementor-element-c89981a elementor-section-boxed elementor-section-height-default elementor-section-height-default\" data-id=\"c89981a\" data-element_type=\"section\">\n\t\t\t\t\t\t<div class=\"elementor-container elementor-column-gap-default\">\n\t\t\t\t\t<div class=\"elementor-column elementor-col-100 elementor-top-column elementor-element elementor-element-3298ecd\" data-id=\"3298ecd\" data-element_type=\"column\">\n\t\t\t<div class=\"elementor-widget-wrap elementor-element-populated\">\n\t\t\t\t\t\t<div class=\"elementor-element elementor-element-fe6042e elementor-widget elementor-widget-image\" data-id=\"fe6042e\" data-element_type=\"widget\" data-widget_type=\"image.default\">\n\t\t\t\t<div class=\"elementor-widget-container\">\n\t\t\t\t\t\t\t\t\t\t\t\t\t\t\t<img fetchpriority=\"high\" decoding=\"async\" width=\"1772\" height=\"1177\" src=\"https:\/\/easyfairsassets.com\/sites\/105\/2023\/01\/AE_3D_Plan_02142023.jpg\" class=\"attachment-full size-full wp-image-12111\" alt=\"Antwerp Expo plan\" srcset=\"https:\/\/easyfairsassets.com\/sites\/105\/2023\/01\/AE_3D_Plan_02142023.jpg 1772w, https:\/\/easyfairsassets.com\/sites\/105\/2023\/01\/AE_3D_Plan_02142023-300x199.jpg 300w, https:\/\/easyfairsassets.com\/sites\/105\/2023\/01\/AE_3D_Plan_02142023-1024x680.jpg 1024w, https:\/\/easyfairsassets.com\/sites\/105\/2023\/01\/AE_3D_Plan_02142023-768x510.jpg 768w, https:\/\/easyfairsassets.com\/sites\/105\/2023\/01\/AE_3D_Plan_02142023-1536x1020.jpg 1536w\" sizes=\"(max-width: 1772px) 100vw, 1772px\" \/>\t\t\t\t\t\t\t\t\t\t\t\t\t\t\t<\/div>\n\t\t\t\t<\/div>\n\t\t\t\t\t<\/div>\n\t\t<\/div>\n\t\t\t\t\t<\/div>\n\t\t<\/section>\n\t\t\t\t<section class=\"elementor-section elementor-top-section elementor-element elementor-element-04118c9 elementor-section-boxed elementor-section-height-default elementor-section-height-default\" data-id=\"04118c9\" data-element_type=\"section\">\n\t\t\t\t\t\t<div class=\"elementor-container elementor-column-gap-default\">\n\t\t\t\t\t<div class=\"elementor-column elementor-col-100 elementor-top-column elementor-element elementor-element-2f8b7ab\" data-id=\"2f8b7ab\" data-element_type=\"column\">\n\t\t\t<div class=\"elementor-widget-wrap elementor-element-populated\">\n\t\t\t\t\t\t<div class=\"elementor-element elementor-element-835537f elementor-widget elementor-widget-text-editor\" data-id=\"835537f\" data-element_type=\"widget\" data-widget_type=\"text-editor.default\">\n\t\t\t\t<div class=\"elementor-widget-container\">\n\t\t\t\t\t\t\t\t\t<h1 style=\"text-align: center;\">The perfect location for any occasion<\/h1>\n<p>Antwerp Expo, ce sont 5 halls \u00e9v\u00e9nementiels, 6 salles polyvalentes, 1 foyer et 1 blackbox.<\/p>\n\t\t\t\t\t\t\t\t<\/div>\n\t\t\t\t<\/div>\n\t\t\t\t\t<\/div>\n\t\t<\/div>\n\t\t\t\t\t<\/div>\n\t\t<\/section>\n\t\t\t\t<section class=\"elementor-section elementor-top-section elementor-element elementor-element-1903fd4 elementor-section-boxed elementor-section-height-default elementor-section-height-default\" data-id=\"1903fd4\" data-element_type=\"section\">\n\t\t\t\t\t\t<div class=\"elementor-container elementor-column-gap-no\">\n\t\t\t\t\t<div class=\"elementor-column elementor-col-50 elementor-top-column elementor-element elementor-element-1900c0b\" data-id=\"1900c0b\" data-element_type=\"column\" data-settings=\"{&quot;background_background&quot;:&quot;classic&quot;}\">\n\t\t\t<div class=\"elementor-widget-wrap elementor-element-populated\">\n\t\t\t\t\t\t<div class=\"elementor-element elementor-element-67f85fe elementor-widget elementor-widget-heading\" data-id=\"67f85fe\" data-element_type=\"widget\" data-widget_type=\"heading.default\">\n\t\t\t\t<div class=\"elementor-widget-container\">\n\t\t\t\t\t<h2 class=\"elementor-heading-title elementor-size-default\">Parce que vous voulez organiser des \u00e9v\u00e9nements qui sont m\u00e9morables<\/h2>\t\t\t\t<\/div>\n\t\t\t\t<\/div>\n\t\t\t\t<section class=\"elementor-section elementor-inner-section elementor-element elementor-element-7cd9387 elementor-section-boxed elementor-section-height-default elementor-section-height-default\" data-id=\"7cd9387\" data-element_type=\"section\">\n\t\t\t\t\t\t<div class=\"elementor-container elementor-column-gap-default\">\n\t\t\t\t\t<div class=\"elementor-column elementor-col-100 elementor-inner-column elementor-element elementor-element-3370439\" data-id=\"3370439\" data-element_type=\"column\">\n\t\t\t<div class=\"elementor-widget-wrap elementor-element-populated\">\n\t\t\t\t\t\t<div class=\"elementor-element elementor-element-fef7532 elementor-widget elementor-widget-button\" data-id=\"fef7532\" data-element_type=\"widget\" data-widget_type=\"button.default\">\n\t\t\t\t<div class=\"elementor-widget-container\">\n\t\t\t\t\t\t\t\t\t<div class=\"elementor-button-wrapper\">\n\t\t\t\t\t<a class=\"elementor-button elementor-button-link elementor-size-xs\" href=\"https:\/\/www.antwerpexpo.be\/fr\/organiser\/\">\n\t\t\t\t\t\t<span class=\"elementor-button-content-wrapper\">\n\t\t\t\t\t\t<span class=\"elementor-button-icon\">\n\t\t\t\t<i aria-hidden=\"true\" class=\"fas fa-angle-right\"><\/i>\t\t\t<\/span>\n\t\t\t\t\t\t\t\t\t<span class=\"elementor-button-text\">d\u00e9couvrir les \u00e9spaces<\/span>\n\t\t\t\t\t<\/span>\n\t\t\t\t\t<\/a>\n\t\t\t\t<\/div>\n\t\t\t\t\t\t\t\t<\/div>\n\t\t\t\t<\/div>\n\t\t\t\t\t<\/div>\n\t\t<\/div>\n\t\t\t\t\t<\/div>\n\t\t<\/section>\n\t\t\t\t\t<\/div>\n\t\t<\/div>\n\t\t\t\t<div class=\"elementor-column elementor-col-50 elementor-top-column elementor-element elementor-element-fbcfbdc\" data-id=\"fbcfbdc\" data-element_type=\"column\">\n\t\t\t<div class=\"elementor-widget-wrap elementor-element-populated\">\n\t\t\t\t\t\t<div class=\"elementor-element elementor-element-64cc0d4 elementor-widget elementor-widget-image\" data-id=\"64cc0d4\" data-element_type=\"widget\" data-widget_type=\"image.default\">\n\t\t\t\t<div class=\"elementor-widget-container\">\n\t\t\t\t\t\t\t\t\t\t\t\t\t\t\t<img decoding=\"async\" width=\"800\" height=\"534\" src=\"https:\/\/easyfairsassets.com\/sites\/105\/2019\/04\/Antwerp-Expo-Hal-2-1024x683.jpg\" class=\"attachment-large size-large wp-image-5273\" alt=\"Antwerp Expo - Hal (2)\" srcset=\"https:\/\/easyfairsassets.com\/sites\/105\/2019\/04\/Antwerp-Expo-Hal-2-1024x683.jpg 1024w, https:\/\/easyfairsassets.com\/sites\/105\/2019\/04\/Antwerp-Expo-Hal-2-300x200.jpg 300w, https:\/\/easyfairsassets.com\/sites\/105\/2019\/04\/Antwerp-Expo-Hal-2-768x512.jpg 768w, https:\/\/easyfairsassets.com\/sites\/105\/2019\/04\/Antwerp-Expo-Hal-2.jpg 1151w\" sizes=\"(max-width: 800px) 100vw, 800px\" \/>\t\t\t\t\t\t\t\t\t\t\t\t\t\t\t<\/div>\n\t\t\t\t<\/div>\n\t\t\t\t\t<\/div>\n\t\t<\/div>\n\t\t\t\t\t<\/div>\n\t\t<\/section>\n\t\t\t\t<\/div>\n\t\t","protected":false},"excerpt":{"rendered":"<p>The perfect location for any occasion Antwerp Expo, ce sont 5 halls \u00e9v\u00e9nementiels, 6 salles polyvalentes, 1 foyer et 1 blackbox. Parce que vous voulez organiser des \u00e9v\u00e9nements qui sont m\u00e9morables d\u00e9couvrir les \u00e9spaces<\/p>\n","protected":false},"author":933,"featured_media":0,"parent":0,"menu_order":0,"comment_status":"closed","ping_status":"closed","template":"","meta":{"_seopress_robots_primary_cat":"","_seopress_titles_title":"","_seopress_titles_desc":"","_seopress_robots_index":"","footnotes":""},"class_list":["post-5962","page","type-page","status-publish","hentry"],"_links":{"self":[{"href":"https:\/\/www.antwerpexpo.be\/fr\/wp-json\/wp\/v2\/pages\/5962","targetHints":{"allow":["GET"]}}],"collection":[{"href":"https:\/\/www.antwerpexpo.be\/fr\/wp-json\/wp\/v2\/pages"}],"about":[{"href":"https:\/\/www.antwerpexpo.be\/fr\/wp-json\/wp\/v2\/types\/page"}],"author":[{"embeddable":true,"href":"https:\/\/www.antwerpexpo.be\/fr\/wp-json\/wp\/v2\/users\/933"}],"replies":[{"embeddable":true,"href":"https:\/\/www.antwerpexpo.be\/fr\/wp-json\/wp\/v2\/comments?post=5962"}],"version-history":[{"count":5,"href":"https:\/\/www.antwerpexpo.be\/fr\/wp-json\/wp\/v2\/pages\/5962\/revisions"}],"predecessor-version":[{"id":12121,"href":"https:\/\/www.antwerpexpo.be\/fr\/wp-json\/wp\/v2\/pages\/5962\/revisions\/12121"}],"wp:attachment":[{"href":"https:\/\/www.antwerpexpo.be\/fr\/wp-json\/wp\/v2\/media?parent=5962"}],"curies":[{"name":"wp","href":"https:\/\/api.w.org\/{rel}","templated":true}]}}